{"id":83,"date":"2020-04-04T01:43:49","date_gmt":"2020-04-03T23:43:49","guid":{"rendered":"https:\/\/quotealot.net:8001\/agb\/"},"modified":"2022-01-24T00:21:19","modified_gmt":"2022-01-23T23:21:19","slug":"agb","status":"publish","type":"page","link":"https:\/\/shop.framelabs.eu\/en\/agb\/","title":{"rendered":"Legal"},"content":{"rendered":"<h1>Terms and Conditions<\/h1>\n<h2>\u00a70 Contract language<\/h2>\n<p>Only German is available as contract language. This is a not legally binding translation. The German version of these terms and conditions apply.<\/p>\n<h2>\u00a71 Validity towards entrepreneurs and definitions of terms<\/h2>\n<p>(1) The following General Terms and Conditions of Business apply to all deliveries between us and a consumer in the version valid at the time of the order.<\/p>\n<p>(2) A consumer is any natural person who enters into a legal transaction for purposes that are predominantly neither commercial nor their independent professional activity (\u00a7 13 BGB).<\/p>\n<h2>\u00a72 Conclusion of a contract, storage of the contract text<\/h2>\n<p>(1) The following regulations concerning the conclusion of the contract apply to orders via our web shop https:\/\/framelabs.eu .<\/p>\n<p><b>(2) In the event of the conclusion of the contract, the contract is concluded with<\/b><\/p>\n<ul>\n<li>Frame Labs<\/li>\n<li>Clemens Werther<\/li>\n<li>Fischergasse 22<\/li>\n<li>89073 Ulm<\/li>\n<li>Germany<\/li>\n<li>+49 172 4422366<\/li>\n<li>info@framelabs.eu<\/li>\n<\/ul>\n<p><b><br \/>\n<\/b><br \/>\n(3) The presentation of the goods in our web shop does not represent a legally binding contract offer on our part, but are only non-binding invitations to the consumer to order goods. By ordering the desired goods, the consumer submits a binding offer to conclude a purchase contract.<\/p>\n<p>(4) Upon receipt of an order in our web shop, the following regulations apply: The consumer submits a binding offer to conclude a contract by successfully completing the ordering procedure provided in our web shop.<\/p>\n<p>The order is placed in the following steps:<\/p>\n<div class=\"ml20\">1) Selection of the desired goods<br \/>\n2) Confirm by clicking the buttons \"Add to cart\"<br \/>\n3) Check the information in the shopping cart<br \/>\n4) Press the button \"Proceed to checkout\"<br \/>\n5) Enter the billing and shipping information<br \/>\n6) Re-examination or correction of the respective entered data<br \/>\n7) Binding dispatch of the order by clicking the button \"Buy now\"<\/div>\n<div><\/div>\n<p>Before the binding sending of the order, the consumer can return to the website where the customer's details are recorded and input errors are corrected or the order process is cancelled by closing the Internet browser by pressing the \"Back\" button in the Internet browser used by the consumer after checking his details. We will immediately confirm receipt of the order by an automatically generated e-mail (\"order confirmation\"). With this we accept your offer.<\/p>\n<p>(5) Storage of the text of the contract when ordering via our web store: We will send you the order data by e-mail. For security reasons, your order data is no longer accessible via the Internet.<\/p>\n<h2>\u00a73 Prices, shipping costs, payment, maturity<\/h2>\n<p>(1) The prices quoted include the statutory sales tax. Possible shipping costs are added. Import duties due when shipping to countries outside the European Union are to be paid by the recipient.<\/p>\n<p>(2) The consumer has the possibility of payment via PayPal.<\/p>\n<h2>\u00a74 Delivery<\/h2>\n<p>(1) Unless we have clearly stated otherwise in the product description, all items offered by us are ready for immediate shipment. The delivery takes place here at the latest within 12 working days. In the case of payment in advance, the period for delivery begins on the day after the payment order to the bank commissioned with the transfer and for all other payment methods on the day after the contract is concluded. If the end of the period falls on a Saturday, Sunday or public holiday at the place of delivery, the period shall end on the next working day.<\/p>\n<p>(2) The risk of accidental loss and accidental deterioration of the goods sold shall not pass to the buyer until the goods are handed over to the buyer, even in the case of mail order purchases.<\/p>\n<h2>\u00a75 Reservation of ownership<\/h2>\n<p>We reserve the right of ownership of the goods until the purchase price has been paid in full.<\/p>\n<h2>\u00a76 Settlement of disputes<\/h2>\n<div class=\"woocommerce woocommerce-gzd woocommerce-gzd-complaints-shortcode\">\n\t\t\t<h3>Alternative Dispute Resolution in accordance with Art. 14 (1) ODR-VO and \u00a7 36 VSBG:<\/h3>\n\t\nZur Teilnahme an einem Streitbeilegungsverfahren vor einer Verbraucherschlichtungsstelle sind wir nicht verpflichtet und nicht bereit.<\/div>\n<p>State of the AGB Sep.2020<\/p>\n<p><i><a href=\"http:\/\/www.agb.de\/\">Legal<\/a>\u00a0provided by agb.de<\/i><\/p>","protected":false},"excerpt":{"rendered":"<p>Allgemeine Gesch\u00e4ftsbedingungen \u00a70 Vertragssprache Als Vertragssprache steht ausschlie\u00dflich Deutsch zur Verf\u00fcgung. \u00a71 Geltung gegen\u00fcber Unternehmern und Begriffsdefinitionen (1) Die nachfolgenden Allgemeinen Gesch\u00e4ftbedingungen gelten f\u00fcr alle Lieferungen zwischen uns und einem Verbraucher in ihrer zum Zeitpunkt der Bestellung g\u00fcltigen Fassung. (2) Verbraucher ist jede nat\u00fcrliche Person, die ein Rechtsgesch\u00e4ft zu Zwecken abschlie\u00dft, die \u00fcberwiegend weder ihrer &hellip; <\/p>\n<p class=\"link-more\"><a href=\"https:\/\/shop.framelabs.eu\/en\/agb\/\" class=\"more-link\">Continue reading<span class=\"screen-reader-text\"> &#8220;AGB&#8221;<\/span><\/a><\/p>","protected":false},"author":1,"featured_media":0,"parent":0,"menu_order":0,"comment_status":"closed","ping_status":"closed","template":"","meta":{"footnotes":""},"class_list":["post-83","page","type-page","status-publish","hentry"],"_links":{"self":[{"href":"https:\/\/shop.framelabs.eu\/en\/wp-json\/wp\/v2\/pages\/83"}],"collection":[{"href":"https:\/\/shop.framelabs.eu\/en\/wp-json\/wp\/v2\/pages"}],"about":[{"href":"https:\/\/shop.framelabs.eu\/en\/wp-json\/wp\/v2\/types\/page"}],"author":[{"embeddable":true,"href":"https:\/\/shop.framelabs.eu\/en\/wp-json\/wp\/v2\/users\/1"}],"replies":[{"embeddable":true,"href":"https:\/\/shop.framelabs.eu\/en\/wp-json\/wp\/v2\/comments?post=83"}],"version-history":[{"count":17,"href":"https:\/\/shop.framelabs.eu\/en\/wp-json\/wp\/v2\/pages\/83\/revisions"}],"predecessor-version":[{"id":738,"href":"https:\/\/shop.framelabs.eu\/en\/wp-json\/wp\/v2\/pages\/83\/revisions\/738"}],"wp:attachment":[{"href":"https:\/\/shop.framelabs.eu\/en\/wp-json\/wp\/v2\/media?parent=83"}],"curies":[{"name":"wp","href":"https:\/\/api.w.org\/{rel}","templated":true}]}}