{"id":299,"date":"2020-05-06T22:38:59","date_gmt":"2020-05-06T20:38:59","guid":{"rendered":"https:\/\/quotealot.net:8001\/?page_id=299"},"modified":"2021-03-11T00:13:41","modified_gmt":"2021-03-10T23:13:41","slug":"unaufdringlich","status":"publish","type":"page","link":"https:\/\/shop.framelabs.eu\/en\/unaufdringlich\/","title":{"rendered":"Unobtrusive"},"content":{"rendered":"<h1 style=\"text-align: center;\">Battery powered. Automatic picture changes.<\/h1>\n<p>Configurable via web interface, provided by the device.<\/p>\n<p style=\"text-align: center;\"><img loading=\"lazy\" decoding=\"async\" class=\"alignnone wp-image-439\" src=\"https:\/\/framelabs.eu\/wp-content\/uploads\/2020\/09\/WebInterface2_-1024x683.jpg\" alt=\"\" width=\"1200\" height=\"800\" srcset=\"https:\/\/shop.framelabs.eu\/wp-content\/uploads\/2020\/09\/WebInterface2_-1024x683.jpg 1024w, https:\/\/shop.framelabs.eu\/wp-content\/uploads\/2020\/09\/WebInterface2_-300x200.jpg 300w, https:\/\/shop.framelabs.eu\/wp-content\/uploads\/2020\/09\/WebInterface2_-768x512.jpg 768w, https:\/\/shop.framelabs.eu\/wp-content\/uploads\/2020\/09\/WebInterface2_-1536x1024.jpg 1536w, https:\/\/shop.framelabs.eu\/wp-content\/uploads\/2020\/09\/WebInterface2_-2048x1365.jpg 2048w, https:\/\/shop.framelabs.eu\/wp-content\/uploads\/2020\/09\/WebInterface2_-350x233.jpg 350w\" sizes=\"(max-width: 706px) 89vw, (max-width: 767px) 82vw, 740px\" \/><\/p>\n<p><img loading=\"lazy\" decoding=\"async\" class=\"aligncenter wp-image-440\" src=\"https:\/\/framelabs.eu\/wp-content\/uploads\/2020\/09\/WebInterface3_-1-1024x683.jpg\" alt=\"\" width=\"1164\" height=\"776\" srcset=\"https:\/\/shop.framelabs.eu\/wp-content\/uploads\/2020\/09\/WebInterface3_-1-1024x683.jpg 1024w, https:\/\/shop.framelabs.eu\/wp-content\/uploads\/2020\/09\/WebInterface3_-1-300x200.jpg 300w, https:\/\/shop.framelabs.eu\/wp-content\/uploads\/2020\/09\/WebInterface3_-1-768x512.jpg 768w, https:\/\/shop.framelabs.eu\/wp-content\/uploads\/2020\/09\/WebInterface3_-1-1536x1024.jpg 1536w, https:\/\/shop.framelabs.eu\/wp-content\/uploads\/2020\/09\/WebInterface3_-1-2048x1365.jpg 2048w, https:\/\/shop.framelabs.eu\/wp-content\/uploads\/2020\/09\/WebInterface3_-1-350x233.jpg 350w\" sizes=\"(max-width: 706px) 89vw, (max-width: 767px) 82vw, 740px\" \/><\/p>","protected":false},"excerpt":{"rendered":"<p>Akkubetrieben. Automatische Bildwechsel. Konfiguration \u00fcber vom Ger\u00e4t bereitgestellte Web-Oberl\u00e4che:<\/p>","protected":false},"author":1,"featured_media":0,"parent":0,"menu_order":0,"comment_status":"closed","ping_status":"closed","template":"","meta":{"footnotes":""},"class_list":["post-299","page","type-page","status-publish","hentry"],"_links":{"self":[{"href":"https:\/\/shop.framelabs.eu\/en\/wp-json\/wp\/v2\/pages\/299"}],"collection":[{"href":"https:\/\/shop.framelabs.eu\/en\/wp-json\/wp\/v2\/pages"}],"about":[{"href":"https:\/\/shop.framelabs.eu\/en\/wp-json\/wp\/v2\/types\/page"}],"author":[{"embeddable":true,"href":"https:\/\/shop.framelabs.eu\/en\/wp-json\/wp\/v2\/users\/1"}],"replies":[{"embeddable":true,"href":"https:\/\/shop.framelabs.eu\/en\/wp-json\/wp\/v2\/comments?post=299"}],"version-history":[{"count":7,"href":"https:\/\/shop.framelabs.eu\/en\/wp-json\/wp\/v2\/pages\/299\/revisions"}],"predecessor-version":[{"id":637,"href":"https:\/\/shop.framelabs.eu\/en\/wp-json\/wp\/v2\/pages\/299\/revisions\/637"}],"wp:attachment":[{"href":"https:\/\/shop.framelabs.eu\/en\/wp-json\/wp\/v2\/media?parent=299"}],"curies":[{"name":"wp","href":"https:\/\/api.w.org\/{rel}","templated":true}]}}